{"id":143,"date":"2021-06-14T14:53:49","date_gmt":"2021-06-14T12:53:49","guid":{"rendered":"https:\/\/skmercury.ee\/suuntogames2021\/?page_id=143"},"modified":"2021-09-24T07:24:40","modified_gmt":"2021-09-24T05:24:40","slug":"voistlusinfo-2","status":"publish","type":"page","link":"https:\/\/skmercury.ee\/suuntogames2021\/voistlusinfo-2\/","title":{"rendered":"V\u00f5istlusinfo"},"content":{"rendered":"\n<p class=\"has-large-font-size\"><strong>XXXIII Suunto Games<\/strong><\/p>\n\n\n\n<p><strong>25.\u201326. september 2021 Kolgak\u00fcla <\/strong>, Harjumaa<\/p>\n\n\n\n<p><strong><u>AJAKAVA<\/u><\/strong><\/p>\n\n\n\n<p><strong>Laup\u00e4ev, 25. September \u2013 l\u00fchendatud tavarada<\/strong><\/p>\n\n\n\n<ul class=\"wp-block-list\"><li>V\u00f5istluskeskus avatud<strong> 11.00<\/strong><\/li><li>Startide algus <strong>13.00<\/strong><\/li><\/ul>\n\n\n\n<p><strong>P\u00fchap\u00e4ev, 26.september \u2013 l\u00fchendatud tavarada<\/strong><\/p>\n\n\n\n<ul class=\"wp-block-list\"><li>V\u00f5istluskeskus avatud<strong> 9.00<\/strong><\/li><li>startide algus<strong> 11.00<\/strong> <\/li><li>Autasustamine<strong> 14.00<\/strong><\/li><\/ul>\n\n\n\n<p><strong><u>V\u00d5ISTLUSKESKUS<\/u><\/strong><\/p>\n\n\n\n<p>Kolgak\u00fcla Spordiklubi Rada terviserajad ja pallim\u00e4nguv\u00e4ljakud<\/p>\n\n\n\n<p>Keskuse koordinaadid: <strong>59.529472, 25.721907<\/strong><\/p>\n\n\n\n<p>Link kaardile <a href=\"https:\/\/www.google.com\/search?q=59.529472%2C+25.721907&amp;oq=59.529472%2C+25.721907&amp;aqs=chrome..69i57j69i60.598j0j15&amp;sourceid=chrome&amp;ie=UTF-8\">Kolgak\u00fcla terviserajad<\/a> T\u00e4histus Liiapeksi-Loksa 10 km-l.<\/p>\n\n\n\n<figure class=\"wp-block-image size-large\"><img loading=\"lazy\" decoding=\"async\" width=\"1024\" height=\"764\" src=\"https:\/\/skmercury.ee\/suuntogames2021\/wp-content\/uploads\/2021\/09\/Voistluseskeem-1024x764.jpg\" alt=\"\" class=\"wp-image-440\" srcset=\"https:\/\/skmercury.ee\/suuntogames2021\/wp-content\/uploads\/2021\/09\/Voistluseskeem-1024x764.jpg 1024w, https:\/\/skmercury.ee\/suuntogames2021\/wp-content\/uploads\/2021\/09\/Voistluseskeem-300x224.jpg 300w, https:\/\/skmercury.ee\/suuntogames2021\/wp-content\/uploads\/2021\/09\/Voistluseskeem-768x573.jpg 768w, https:\/\/skmercury.ee\/suuntogames2021\/wp-content\/uploads\/2021\/09\/Voistluseskeem-1200x895.jpg 1200w, https:\/\/skmercury.ee\/suuntogames2021\/wp-content\/uploads\/2021\/09\/Voistluseskeem.jpg 1224w\" sizes=\"auto, (max-width: 709px) 85vw, (max-width: 909px) 67vw, (max-width: 1362px) 62vw, 840px\" \/><\/figure>\n\n\n\n<p><strong><u>KAART ja MAASTIK<\/u><\/strong><\/p>\n\n\n\n<p><strong>Kaart<\/strong><\/p>\n\n\n\n<p>Kaardi 2021019 autor Priit \u00d6verus (2020-2021). Eelmine kaart:&nbsp;<a href=\"https:\/\/app.orienteerumine.ee\/kaart\/db\/kaart\/9310.gif\" target=\"_blank\" rel=\"noreferrer noopener\">9310<\/a>&nbsp;ja&nbsp;<a href=\"https:\/\/app.orienteerumine.ee\/kaart\/db\/kaart\/2015060.jpg\" target=\"_blank\" rel=\"noreferrer noopener\">2015060<\/a>.<\/p>\n\n\n\n<p>Kaartide m\u00f5\u00f5tkavad : 1:5000\/1:7500\/1:10 000 ( vt. klasside kaupa eraldi startide tabelist).<\/p>\n\n\n\n<p>K\u00f5rgusjoonte vahe 5 meetrit.<\/p>\n\n\n\n<p>Keelualana on violetse ristviirutusega m\u00e4rgitud Kotka sihtkaitsev\u00f6\u00f6ndi piir. Samuti on keelualadeks oliivirohelisega m\u00e4rgitud \u00f5uealad ja aiamaad.<\/p>\n\n\n\n<p>Loetavuse huvides on kontrollpunktide numbritel kasutatud kaardil valget tausta.<\/p>\n\n\n\n<p>Kaardile on kantud ainult&nbsp; kontrollpunkti j\u00e4rjekorranumber. Punkti tunnusnumber on tr\u00fckitud kaardil olevasse tabelisse ja on saadaval ka lisalegendil.<\/p>\n\n\n\n<p>N\u00f6\u00f6ri- ja tugiraja kaartidel on kontrollpunkti j\u00e4rjekorranumber ja tunnusnumber.<\/p>\n\n\n\n<p>Objektide erim\u00e4rgistus kaardil:<\/p>\n\n\n\n<p>X \u2013 post, tahvel, spordirajatis, kuivk\u00e4imla<\/p>\n\n\n\n<p>O &#8211; varikatus<\/p>\n\n\n\n<p><strong>NB! Fini\u0161is O-kaarte \u00e4ra ei korjata. Palume j\u00e4rgida Fair play ehk ausa m\u00e4ngu p\u00f5him\u00f5tteid ja veel startimata osalejatele kaarti mitte n\u00e4idata! <\/strong><strong><\/strong><\/p>\n\n\n\n<p><strong>Maastik<\/strong> V\u00f5istlusmaastikuks on Valgej\u00f5e org Vasaristi oja suudmest kuni Kotka sillani ning j\u00f5est l\u00e4\u00e4nde j\u00e4\u00e4v suusaradade v\u00f5rgustik kuni Kolgak\u00fclani. J\u00f5e orus on kahte liiki lagedat ala: suvel v\u00f5i s\u00fcgisel niidetud heinamaad, mis on kaardil tumekollane ja niitmata lagedad helekollases toonis. K\u00f5rgema taimestikuga ja k\u00f5rgemate m\u00e4tastega alad on t\u00e4iendavalt rohelise p\u00fcstviirutusega. Niitmata alal on v\u00f5imust v\u00f5tmas v\u00f5\u00f5rliik verev lemmalts ja m\u00f5nes paigas esineb ka n\u00f5gest. J\u00f5e\u00e4\u00e4rsetel aladel on kobraste uuristatud kraave, mida pole kerge rohus m\u00e4rgata \u2013 seal tuleb olla ettevaatlik. Osad hooajalised veesilmad ja sood on kuivad, kuid leidub ka v\u00e4iksemaid v\u00e4ga m\u00e4rgasid alasid. J\u00f5e \u00fcletamine on lubatud \u00fcle Meeka silla ja \u00fcle j\u00f5e langenud puust kujundatud purde. Kuna j\u00f5ge on v\u00f5imalik \u00fcletada vaid neis kohtades, siis l\u00fchemad rajad j\u00f5ge ei \u00fcleta. Metsa on mitmesuguse l\u00e4bitavusega, valdavalt hea l\u00e4bitavusega m\u00e4nnimetsaga platoolt j\u00f5e \u00e4\u00e4rde laskudes tuleb ette tihedamat kuusikut ja toomingav\u00f5sa. Teedev\u00f5rk j\u00f5e l\u00e4\u00e4nekaldal on tihe. Viiemeetrine k\u00f5rgusjoonte vahe kirjeldab h\u00e4sti 15 \u2013 25 meetrise j\u00f5eoru n\u00f5lva ja suusam\u00e4gesid, kuid v\u00f5ib j\u00e4\u00e4da pisut h\u00f5redaks maastiku lamedamal alal.<\/p>\n\n\n\n<figure class=\"wp-block-image size-large\"><img loading=\"lazy\" decoding=\"async\" width=\"1024\" height=\"444\" src=\"https:\/\/skmercury.ee\/suuntogames2021\/wp-content\/uploads\/2021\/09\/kaardinaidised-1024x444.jpg\" alt=\"\" class=\"wp-image-441\" srcset=\"https:\/\/skmercury.ee\/suuntogames2021\/wp-content\/uploads\/2021\/09\/kaardinaidised-1024x444.jpg 1024w, https:\/\/skmercury.ee\/suuntogames2021\/wp-content\/uploads\/2021\/09\/kaardinaidised-300x130.jpg 300w, https:\/\/skmercury.ee\/suuntogames2021\/wp-content\/uploads\/2021\/09\/kaardinaidised-768x333.jpg 768w, https:\/\/skmercury.ee\/suuntogames2021\/wp-content\/uploads\/2021\/09\/kaardinaidised-1200x520.jpg 1200w, https:\/\/skmercury.ee\/suuntogames2021\/wp-content\/uploads\/2021\/09\/kaardinaidised.jpg 1443w\" sizes=\"auto, (max-width: 709px) 85vw, (max-width: 909px) 67vw, (max-width: 1362px) 62vw, 840px\" \/><\/figure>\n\n\n\n<p><strong><u>OHUKOHAD<\/u><\/strong><\/p>\n\n\n\n<p>Maastikku l\u00e4bib Kotka-Valgej\u00f5e tee, mille \u00fcletamisel tuleb olla <strong>ETTEVAATLIK.<\/strong><\/p>\n\n\n\n<p>Starti minekul maantee \u00e4\u00e4res palume olla samuti <strong>T\u00c4HELEPANELIKUD ja ETTEVAATLIKUD.<\/strong><\/p>\n\n\n\n<p>Liiklust ei ole piiratud.<\/p>\n\n\n\n<p>Metsas v\u00f5ib olla v\u00e4hesel m\u00e4\u00e4ral vana okastraati, mida pole kaardile kantud &#8211; olge t\u00e4helepanelikud!<\/p>\n\n\n\n<p>Veekogude \u00e4\u00e4res on kopratamme ja sellega seoses palju langetatud puid ja r\u00e4ga.<\/p>\n\n\n\n<p><strong><u>STARDID, V\u00d5ISTLUSKLASSIDE KAARTIDE M\u00d5\u00d5TKAVAD JA RADADE PIKKUSED<\/u><\/strong><\/p>\n\n\n\n<p><strong>Startide kaugused v\u00f5istluskeskusest<\/strong><\/p>\n\n\n\n<figure class=\"wp-block-image size-full\"><img loading=\"lazy\" decoding=\"async\" width=\"458\" height=\"152\" src=\"https:\/\/skmercury.ee\/suuntogames2021\/wp-content\/uploads\/2021\/09\/startidekaugused.jpg\" alt=\"\" class=\"wp-image-448\" srcset=\"https:\/\/skmercury.ee\/suuntogames2021\/wp-content\/uploads\/2021\/09\/startidekaugused.jpg 458w, https:\/\/skmercury.ee\/suuntogames2021\/wp-content\/uploads\/2021\/09\/startidekaugused-300x100.jpg 300w\" sizes=\"auto, (max-width: 458px) 85vw, 458px\" \/><\/figure>\n\n\n\n<p><strong>NB! <\/strong>Teekond v\u00f5istluskeskusest STARTIDESSE 1 ja 2 on t\u00e4histatud viitade ja <span class=\"has-inline-color has-vivid-red-color\">puna-valge lindiga<\/span>.<\/p>\n\n\n\n<p>Teekond v\u00f5istluskeskuset STARTI 3 on t\u00e4histatud viitade ja <span class=\"has-inline-color has-vivid-cyan-blue-color\">sini-valge lindiga (Postimees)<\/span>.<\/p>\n\n\n\n<p>Startidesse minekul teelt k\u00f5rvale minek on keelatud &#8211; v\u00f5istlusmaastik. Aus m\u00e4ng!<\/p>\n\n\n\n<p><strong>NB!<\/strong> Startidesse minekul maanteede \u00e4\u00e4res palun olla <strong><span class=\"has-inline-color has-vivid-red-color\">T\u00c4HELEPANELIKUD ja ETTEVAATLIKUD<\/span><\/strong>.<\/p>\n\n\n\n<p><strong>V\u00f5istlusklasside stardi numbrid, kaartide m\u00f5\u00f5tkava, radade pikkused<\/strong><\/p>\n\n\n\n<figure class=\"wp-block-image size-large\"><img loading=\"lazy\" decoding=\"async\" width=\"1024\" height=\"696\" src=\"https:\/\/skmercury.ee\/suuntogames2021\/wp-content\/uploads\/2021\/09\/stardid-rajad-1024x696.jpg\" alt=\"\" class=\"wp-image-442\" srcset=\"https:\/\/skmercury.ee\/suuntogames2021\/wp-content\/uploads\/2021\/09\/stardid-rajad-1024x696.jpg 1024w, https:\/\/skmercury.ee\/suuntogames2021\/wp-content\/uploads\/2021\/09\/stardid-rajad-300x204.jpg 300w, https:\/\/skmercury.ee\/suuntogames2021\/wp-content\/uploads\/2021\/09\/stardid-rajad-768x522.jpg 768w, https:\/\/skmercury.ee\/suuntogames2021\/wp-content\/uploads\/2021\/09\/stardid-rajad.jpg 1132w\" sizes=\"auto, (max-width: 709px) 85vw, (max-width: 909px) 67vw, (max-width: 1362px) 62vw, 840px\" \/><\/figure>\n\n\n\n<p><span class=\"has-inline-color has-vivid-red-color\"><strong>NB! <\/strong>Klassides N18, N21B, N45, N50, N55 ja M65 on 1.p\u00e4eval START 1 ja 2.p\u00e4eval START 2<\/span><\/p>\n\n\n\n<p><strong>Eelstart k\u00f5ikides klassides 3 minutit<\/strong>, va n\u00f6\u00f6ri- ja tugiradadel.<\/p>\n\n\n\n<p>Stardinimekirjad asuvad v\u00f5istluskeskuses ja startides.<\/p>\n\n\n\n<p><strong>N\u00f6\u00f6ri- ja tugiradadel (START 3)<\/strong> on vabalt valitav stardiaeg (L 13:00-14:30, P 11:00-12:30) ja stardis on korraldajad, kes vajadusel juhendavad noori orienteerujaid. N\u00f6\u00f6ri- ja tugirajale lapsevanemaid kaasa ei lubata (v.a. v\u00e4ga v\u00e4ikeste laste puhul, kelle tulemus l\u00e4heb kirja v\u00e4ljaspool paremusarvestust).<\/p>\n\n\n\n<p><strong>Avatud radadel<\/strong> on vabalt valitav stardiaeg (L 13:00-14:30, P 11:00-12:30).<\/p>\n\n\n\n<p><strong>Kontrollajad<\/strong>: 25.09 120 minutit, 26.09 120 minutit.<\/p>\n\n\n\n<p><strong>Soojendusalana<\/strong> v\u00f5ib kasutada starti viivat teed.<\/p>\n\n\n\n<p><strong>Soojendusriided<\/strong> saab j\u00e4tta stardis selleks etten\u00e4htud kilekotti, kust need toimetatakse fini\u0161itelki.<\/p>\n\n\n\n<p><strong><u>M\u00c4RKES\u00dcSTEEM<\/u><\/strong><\/p>\n\n\n\n<p>SPORTident m\u00e4rkes\u00fcsteem. SI-AIR t\u00f6\u00f6tab, aga saab joosta ka tavalise SI-pulgaga<\/p>\n\n\n\n<p><strong><u>AUTASUSTAMINE<\/u><\/strong><\/p>\n\n\n\n<p>K\u00f5ikide klasside esikolmikule auhinnad kahe v\u00f5istlusp\u00e4eva kokkuv\u00f5ttes.<\/p>\n\n\n\n<p>K\u00f5igile n\u00f6\u00f6ri- ja tugiraja osalejatele autasustamisel meene. Lisaks veel loosiauhinnad ja \u00fcllatusauhinnad!<\/p>\n\n\n\n<p>Autasustamine p\u00fchap\u00e4eval 26.09 orienteeruvalt kell 14.00. Auhindu ei v\u00e4ljastata enne autasustamise algust. Samuti ei toimu hilisemat auhindade k\u00e4ttetoimetamist, ole kohal!<\/p>\n\n\n\n<p><strong><u>O-KAUBA M\u00dc\u00dcK<\/u><\/strong><\/p>\n\n\n\n<p>M\u00f5lemal p\u00e4eval on kohal o-kauba m\u00fc\u00fcjad, teiste hulgas ka <strong>Duncan<\/strong> \u2013 hea v\u00f5imalus soetada talviseks treeninguks sobilikke tooteid.<\/p>\n\n\n\n<p><strong><u>COVID INFO<\/u><\/strong><\/p>\n\n\n\n<p>Vastavalt EV valitsuse poolt kehtestatud meetmetele saavad antud v\u00f5istlustel osaleda \u00fcksnes vaktsineerimiskuuri l\u00e4binud, COVID-19 haiguse l\u00e4bi p\u00f5denud v\u00f5i negatiivse testitulemusega t\u00e4iskasvanud. 18-aastastele ja noorematele antud osalemise piirangud ei laiene.<\/p>\n\n\n\n<p>Selleks on vajalik korraldajale esitada vastav t\u00f5end, mida saab teha kahel moel:<\/p>\n\n\n\n<ol class=\"wp-block-list\" type=\"1\"><li>Elektroonselt saab saata t\u00f5endi hiljemalt reedel, 24.09.21 kell 20.00 e-postile:&nbsp;skmercury123@gmail.com<\/li><li>V\u00f5istluskeskuses sekretariaaditelgis saab esitada t\u00f5endi paberkujul v\u00f5i nutiseadmes.<\/li><\/ol>\n\n\n\n<p>Vaktsineeritud t\u00e4iskasvanute puhul peab olema saavutatud t\u00e4isvaktsineeritus.<\/p>\n\n\n\n<p>Negatiivse testitulemusena aktsepteerime kuni 72h varem tehtud PCR-testitulemust v\u00f5i v\u00f5istluskeskuses korraldajate juuresolekul tehtava kiirtesti tulemust. NB! Kiirteste korraldaja ei paku, see peab v\u00f5istlejal endal kaasas olema. Kiirtesti tegemiseks on korraldaja paigaldanud v\u00f5istluskeskusesse eraldi telgi \/ katusealuse. K\u00f5ik kes plaanivad kiirtesti kohapeal teha, siis palun arvestage selleks mineva ajakuluga.<\/p>\n\n\n\n<p>Haigusn\u00e4htudega isikud v\u00f5istlustel osaleda ei tohi. &nbsp;V\u00f5istluste korraldajatel on \u00f5igus haigusn\u00e4htudega isik v\u00f5istlustelt eemaldada. Lisaks on soovituslik v\u00e4ltida k\u00e4tlemist, kallistamist jm otseseid kontakte.<\/p>\n\n\n\n<p>V\u00f5istlusalal on v\u00f5imalik desinfitseerida k\u00e4si.<\/p>\n\n\n\n<p>Korraldaja j\u00e4tab endale \u00f5iguse teha muudatusi v\u00f5istluse korralduses vastavalt COVID-19 pandeemia olukorrale riigis ja Valitsuse ning Terviseameti kehtestatud reeglitele v\u00f5istluse toimumise ajal.<\/p>\n\n\n\n<p><strong><u>MUU INFO<\/u><\/strong><\/p>\n\n\n\n<p><strong>Rinnanumbrid<\/strong><\/p>\n\n\n\n<p>K\u00f5ikides klassides (v.a. avatud rada) on kasutusel rinnanumbrid. <span class=\"has-inline-color has-vivid-red-color\">NB! Ilma rinnanumbrita starti ei lubata!<\/span> Korraldaja kinnitusvahendeid ei paku, palume haakn\u00f5elad endil kaasa v\u00f5tta.<\/p>\n\n\n\n<p>18-aastased ja nooremad v\u00f5istlejad ning samuti k\u00f5ik v\u00f5istlejad, kes on saatnud kehtiva Covid-t\u00f5endi korraldaja e-mailile hiljemalt 24.09.21 kell 20.00, saavad rinnanumbri k\u00e4tte v\u00f5istluskeskuses asuvalt n\u00f6\u00f6rilt.<\/p>\n\n\n\n<p>K\u00f5ik, kes seda teinud ei ole, saavad rinnanumbri k\u00e4tte v\u00f5istluste sekretariaadist peale t\u00f5endi paberkujul v\u00f5i nutiseadmes esitamist. Varu t\u00f5endi esitamiseks aega, sest osalejaid on palju.<\/p>\n\n\n\n<p><strong>Avatud raja osalejad<\/strong> saavad v\u00f5istluskeskusest infotelgist stardikupongi, mille alusel saavad startida.<\/p>\n\n\n\n<p><strong>Lisalegendid<\/strong><\/p>\n\n\n\n<p>K\u00f5ikidel radadel lisalegendid, asuvad stardialas. Korraldaja poolt on stardialas teip ja k\u00e4\u00e4rid.<\/p>\n\n\n\n<p><strong>Joogipunkt<\/strong><\/p>\n\n\n\n<p>Joogipunkte rajal ei ole. Igale l\u00f5petajale fini\u0161is vesi 0,5L pudelis.<\/p>\n\n\n\n<p><strong>Pesemine<\/strong><\/p>\n\n\n\n<p>Soe v\u00e4lidu\u0161\u0161 v\u00f5istluskeskuse l\u00e4heduses.<\/p>\n\n\n\n<p><strong>Lastehoid<\/strong><\/p>\n\n\n\n<p>V\u00f5istluskeskuses on korraldatud lastehoid.<\/p>\n\n\n\n<p><strong>Tualetid<\/strong><\/p>\n\n\n\n<p>Tualetid asuvad v\u00f5istluskeskuses. Esimesel p\u00e4eval ka START 1 l\u00e4heduses<\/p>\n\n\n\n<p><strong>Tulemused<\/strong><\/p>\n\n\n\n<p>Online tulemused 2 raadiopunktist ja fini\u0161ist jooksvalt n\u00e4htavad v\u00f5istluskeskuses ekraanilt ja nutiseadmes v\u00f5istluste kodulehel.<\/p>\n\n\n\n<p><strong>Toitlustamine<\/strong><\/p>\n\n\n\n<p>V\u00f5istluskeskuses on korraldatud toitlustus (v\u00e4likohvikus).<\/p>\n\n\n\n<p><strong>Parkimine<\/strong><\/p>\n\n\n\n<p>V\u00f5istluskeskuses tasuline parkimine 1 \u20ac \/p\u00e4ev\/s\u00f5iduk.<\/p>\n\n\n\n<p>V\u00f5istluskeskusesse viiva tee \u00e4\u00e4res on peatumine\/parkimine keelatud.<\/p>\n\n\n\n<p>Palun jagage s\u00f5idukit (klubi)kaaslastega \u2013 k\u00e4itume vastutustundlikult looduse ja keskkonna suhtes.<\/p>\n\n\n\n<p>V\u00e4rskeim info v\u00f5istluse kohta on v\u00f5istluste kodulehek\u00fcljel <a href=\"https:\/\/skmercury.ee\/suuntogames2021\/\">https:\/\/skmercury.ee\/suuntogames2021\/<\/a><\/p>\n\n\n\n<p><strong>KORRALDAJA: Spordiklubi MERCURY<\/strong><\/p>\n\n\n\n<p><strong>Peakorraldaja: <\/strong>Danilo Piht<\/p>\n\n\n\n<p><strong>Rajameister<\/strong>:&nbsp;&nbsp; &nbsp; Priit \u00d6verus<\/p>\n\n\n\n<p><strong>Peasekret\u00e4r:&nbsp;&nbsp; &nbsp; <\/strong>Ingrid Piht, e-post: skmercury123@gmail.com<\/p>\n\n\n\n<p><strong>Inspektor:&nbsp;&nbsp;&nbsp;&nbsp;&nbsp;&nbsp;&nbsp; &nbsp; <\/strong>Margus Klementsov<\/p>\n\n\n\n<p><strong>IT:&nbsp;&nbsp;&nbsp;&nbsp;&nbsp;&nbsp;&nbsp;&nbsp;&nbsp;&nbsp;&nbsp;&nbsp;&nbsp;&nbsp;&nbsp;&nbsp;&nbsp;&nbsp;&nbsp;&nbsp;&nbsp;&nbsp; &nbsp; <\/strong>Tarmo Klaar <\/p>\n\n\n\n<p><strong>EOL volinik:&nbsp;&nbsp;&nbsp;&nbsp; &nbsp; <\/strong>J\u00fcri Joonas (OK V\u00f5ru)<\/p>\n\n\n\n<p><strong>V\u00f5istluste z\u00fcrii: <\/strong>Elo Saue, Olle K\u00e4rner ja Lauri Leppik<\/p>\n\n\n\n<p><\/p>\n\n\n\n<p class=\"has-text-align-center\"><strong>METSAJOOKSU R\u00d5\u00d5MU TOETAVAD:<\/strong><\/p>\n\n\n\n<figure class=\"wp-block-image size-full\"><img loading=\"lazy\" decoding=\"async\" width=\"942\" height=\"602\" src=\"https:\/\/skmercury.ee\/suuntogames2021\/wp-content\/uploads\/2021\/09\/SG-TOETAJAD-SEIN-20210924-1.jpg\" alt=\"\" class=\"wp-image-472\" srcset=\"https:\/\/skmercury.ee\/suuntogames2021\/wp-content\/uploads\/2021\/09\/SG-TOETAJAD-SEIN-20210924-1.jpg 942w, https:\/\/skmercury.ee\/suuntogames2021\/wp-content\/uploads\/2021\/09\/SG-TOETAJAD-SEIN-20210924-1-300x192.jpg 300w, https:\/\/skmercury.ee\/suuntogames2021\/wp-content\/uploads\/2021\/09\/SG-TOETAJAD-SEIN-20210924-1-768x491.jpg 768w\" sizes=\"auto, (max-width: 709px) 85vw, (max-width: 909px) 67vw, (max-width: 1362px) 62vw, 840px\" \/><\/figure>\n","protected":false},"excerpt":{"rendered":"<p>XXXIII Suunto Games 25.\u201326. september 2021 Kolgak\u00fcla , Harjumaa AJAKAVA Laup\u00e4ev, 25. September \u2013 l\u00fchendatud tavarada V\u00f5istluskeskus avatud 11.00 Startide algus 13.00 P\u00fchap\u00e4ev, 26.september \u2013 l\u00fchendatud tavarada V\u00f5istluskeskus avatud 9.00 startide algus 11.00 Autasustamine 14.00 V\u00d5ISTLUSKESKUS Kolgak\u00fcla Spordiklubi Rada terviserajad ja pallim\u00e4nguv\u00e4ljakud Keskuse koordinaadid: 59.529472, 25.721907 Link kaardile Kolgak\u00fcla terviserajad T\u00e4histus Liiapeksi-Loksa 10 km-l. KAART ja MAASTIK Kaart Kaardi 2021019 autor Priit \u00d6verus (2020-2021). Eelmine kaart:&nbsp;9310&nbsp;ja&nbsp;2015060. Kaartide m\u00f5\u00f5tkavad : 1:5000\/1:7500\/1:10 000 ( vt. klasside kaupa eraldi startide tabelist). K\u00f5rgusjoonte vahe &hellip; <a href=\"https:\/\/skmercury.ee\/suuntogames2021\/voistlusinfo-2\/\" class=\"more-link\">Continue reading<span class=\"screen-reader-text\"> &#8220;V\u00f5istlusinfo&#8221;<\/span><\/a><\/p>\n","protected":false},"author":1,"featured_media":0,"parent":0,"menu_order":0,"comment_status":"closed","ping_status":"closed","template":"","meta":{"footnotes":""},"class_list":["post-143","page","type-page","status-publish","hentry"],"_links":{"self":[{"href":"https:\/\/skmercury.ee\/suuntogames2021\/wp-json\/wp\/v2\/pages\/143","targetHints":{"allow":["GET"]}}],"collection":[{"href":"https:\/\/skmercury.ee\/suuntogames2021\/wp-json\/wp\/v2\/pages"}],"about":[{"href":"https:\/\/skmercury.ee\/suuntogames2021\/wp-json\/wp\/v2\/types\/page"}],"author":[{"embeddable":true,"href":"https:\/\/skmercury.ee\/suuntogames2021\/wp-json\/wp\/v2\/users\/1"}],"replies":[{"embeddable":true,"href":"https:\/\/skmercury.ee\/suuntogames2021\/wp-json\/wp\/v2\/comments?post=143"}],"version-history":[{"count":14,"href":"https:\/\/skmercury.ee\/suuntogames2021\/wp-json\/wp\/v2\/pages\/143\/revisions"}],"predecessor-version":[{"id":473,"href":"https:\/\/skmercury.ee\/suuntogames2021\/wp-json\/wp\/v2\/pages\/143\/revisions\/473"}],"wp:attachment":[{"href":"https:\/\/skmercury.ee\/suuntogames2021\/wp-json\/wp\/v2\/media?parent=143"}],"curies":[{"name":"wp","href":"https:\/\/api.w.org\/{rel}","templated":true}]}}