{"id":146,"date":"2021-06-14T14:57:39","date_gmt":"2021-06-14T12:57:39","guid":{"rendered":"https:\/\/skmercury.ee\/suuntogames2021\/?page_id=146"},"modified":"2021-09-24T07:23:39","modified_gmt":"2021-09-24T05:23:39","slug":"voistlusjuhend","status":"publish","type":"page","link":"https:\/\/skmercury.ee\/suuntogames2021\/voistlusjuhend\/","title":{"rendered":"V\u00f5istlusjuhend"},"content":{"rendered":"\n<p><strong>XXXIII Suunto Games<\/strong><\/p>\n\n\n\n<p><strong>25.\u201326. september 2021 Kolgak\u00fcla <\/strong>, Harjumaa<\/p>\n\n\n\n<p><strong>Laup\u00e4ev, 25. september<\/strong><\/p>\n\n\n\n<p>l\u00fchendatud tavarada; startide algus <strong>13.00<\/strong><\/p>\n\n\n\n<p><strong>P\u00fchap\u00e4ev, 26. september<\/strong><\/p>\n\n\n\n<p>l\u00fchendatud tavarada; startide algus<strong> 11.00<\/strong><\/p>\n\n\n\n<p><strong>OSAV\u00d5TUKLASSID:<\/strong><\/p>\n\n\n\n<p>*N8NR N10NR N10TR N12 N14 N16 N18 N20 N21A N21B N35 N40 N45 N50 N55 N60 N65 N70 N75 N80 N85<\/p>\n\n\n\n<p>*M8NR M10NR M10TR M12 M14 M16 M18 M20 M21A M21B M35 M40 M45 M50 M55 M60 M65 M70 M75 M80 M85<\/p>\n\n\n\n<p>*V\u00f5istlusklasside MN12, MN14, MN16, MN18 ja MN20 tulemused l\u00e4hevad EOLi 2021 noorte orienteerujate orienteerumisjooksu auhinnasarja arvestusse<\/p>\n\n\n\n<p>*Lisaks m\u00f5lemal p\u00e4eval avatud rada &#8211; 2 eri pikkusega rada<\/p>\n\n\n\n<p><strong>KORRALDAJA: Spordiklubi MERCURY<\/strong><\/p>\n\n\n\n<p><strong>Peakorraldaja: <\/strong>Danilo Piht<\/p>\n\n\n\n<p><strong>Rajameister<\/strong>:&nbsp;&nbsp; &nbsp; Priit \u00d6verus<\/p>\n\n\n\n<p><strong>Peasekret\u00e4r:&nbsp;&nbsp; &nbsp; <\/strong>Ingrid Piht, e-post: skmercury123@gmail.com<\/p>\n\n\n\n<p><strong>Inspektor:&nbsp;&nbsp;&nbsp;&nbsp;&nbsp;&nbsp;&nbsp; &nbsp; <\/strong>Margus Klementsov<\/p>\n\n\n\n<p><strong>IT:&nbsp;&nbsp;&nbsp;&nbsp;&nbsp;&nbsp;&nbsp;&nbsp;&nbsp;&nbsp;&nbsp;&nbsp;&nbsp;&nbsp;&nbsp;&nbsp;&nbsp;&nbsp;&nbsp;&nbsp;&nbsp;&nbsp; &nbsp;<\/strong>Tarmo Klaar<\/p>\n\n\n\n<p><strong>EOL volinik:&nbsp;&nbsp;&nbsp;&nbsp; &nbsp; <\/strong>J\u00fcri Joonas (OK V\u00f5ru)<\/p>\n\n\n\n<p><strong>Kaart<\/strong><\/p>\n\n\n\n<p>Orienteerumiskaardi 2021019 autor Priit \u00d6verus (2020-2021). Eelmine kaart: <a href=\"https:\/\/app.orienteerumine.ee\/kaart\/db\/kaart\/9310.gif\" target=\"_blank\" rel=\"noreferrer noopener\">9310<\/a> ja <a href=\"https:\/\/app.orienteerumine.ee\/kaart\/db\/kaart\/2015060.jpg\" target=\"_blank\" rel=\"noreferrer noopener\">2015060<\/a>.<\/p>\n\n\n\n<p><strong>Maastik<\/strong><\/p>\n\n\n\n<p>Maastiku keskmeks on Valgej\u00f5e \u00fcrgorg ja kunagised j\u00f5es\u00e4ngi moodustised. K\u00f5rgemad n\u00f5lvad on 25 meetri k\u00f5rgused. Metsasus on umbes 80%, valdavalt h\u00e4sti joostavad m\u00e4nnikud, sekka ka kuusikuid ja segametsa. Valgej\u00f5e orus esineb ka raskemini l\u00e4bitavaid tihnikuid. J\u00f5e\u00e4\u00e4rsed&nbsp; aasud (kohalikus keeles heinamaad) on osad niidetud ja osad k\u00f5rgema taimestikuga kaetud. J\u00f5ge tohib \u00fcletada ainult selleks etten\u00e4htud sildade kaudu. Radade v\u00f5rk on tihe suusaradade piirkonnas, maastiku kirdeosa on korrap\u00e4rase sihiv\u00f5rguga.<\/p>\n\n\n\n<div class=\"wp-block-image\"><figure class=\"aligncenter size-large is-resized\"><img loading=\"lazy\" decoding=\"async\" src=\"https:\/\/skmercury.ee\/suuntogames2021\/wp-content\/uploads\/2021\/06\/sg_kaardinaidis-1024x444.jpg\" alt=\"Kolgak\u00fcla kaardin\u00e4idis\" class=\"wp-image-187\" width=\"584\" height=\"253\"\/><figcaption>Orienteerumiskaardi n\u00e4idis<\/figcaption><\/figure><\/div>\n\n\n\n<p><strong>Ohukohad<\/strong><\/p>\n\n\n\n<p>Maastikku l\u00e4bib Kotka-Valgej\u00f5e tee, mille \u00fcletamisel tuleb olla ettevaatlik. Metsas v\u00f5ib olla v\u00e4hesel m\u00e4\u00e4ral vana okastraati, mida pole kaardile kantud &#8211; olge t\u00e4helepanelikud! Veekogude \u00e4\u00e4res on kopratamme ja sellega seoses palju langetatud puid ja r\u00e4ga.<\/p>\n\n\n\n<p><strong>Keelualad<\/strong><\/p>\n\n\n\n<p>V\u00f5istlusmaastikuna toodud keelualad, kus ei tohi v\u00f5istluseelsel ajal olla, on kirjas EOL-i keelualade nimestikus <a href=\"https:\/\/orienteerumine.ee\/keelualad\/\" data-type=\"URL\" data-id=\"https:\/\/orienteerumine.ee\/keelualad\/\">https:\/\/orienteerumine.ee\/keelualad\/<\/a><\/p>\n\n\n\n<p><strong>M\u00e4rkes\u00fcsteem<\/strong><\/p>\n\n\n\n<p>SPORTident m\u00e4rkes\u00fcsteem. SI-AIR t\u00f6\u00f6tab, aga saab joosta ka tavalise SI-pulgaga. SI-kaardi rent on 2 \u20ac\/p\u00e4ev (noortel MN8-18 1\u20ac\/p\u00e4ev). SI-pulga rendi vajadusest teavitada registreerimisel. SI-kaardi numbri muutmine p\u00e4rast registreerimise l\u00f5ppemist kohapeal on tasuline (2 \u20ac).<\/p>\n\n\n\n<p><strong>Registreerimine<\/strong><\/p>\n\n\n\n<p>V\u00f5istlustest osav\u00f5tuks tuleb registreeruda <a href=\"https:\/\/www.osport.ee\/calendar\/Event\/18963\" data-type=\"URL\" data-id=\"https:\/\/www.osport.ee\/calendar\/Event\/18963\">http:\/\/www.osport.ee<\/a> keskkonna kaudu.<br>Registreerimine toimub \u00dcHES voorus, mis l\u00f5peb reedel, 17.09.21 kell 23:59.<br>Hilisem v\u00f5istlusel osalemine vaid vabade kohtade olemasolul ja kahekordse osav\u00f5tutasu eest.<br>Avatud rajale saab registreerida ka v\u00f5istluskeskuses kohapeal, hinnaga 10\u20ac\/p\u00e4ev<\/p>\n\n\n\n<p>\u00dcheaegselt registreerimisega tuleb tasuda ka osav\u00f5tutasu. Eelregistreerimine j\u00f5ustub alles p\u00e4rast osav\u00f5tutasu laekumist v\u00f5istluse korraldajale. Stardimaks kanda \u00fcle Spordiklubi Mercury kontole: <strong>EE312200221015333156 <\/strong>(Swedbank). Korraldaja ei luba osav\u00f5tutasu mitte maksnud v\u00f5istlejaid starti. Registreerimise ja arvetega seotud k\u00fcsimustega p\u00f6\u00f6rduda e-posti aadressile skmercury123@gmail.com<\/p>\n\n\n\n<p><strong>Osav\u00f5tutasud<\/strong><\/p>\n\n\n\n<figure class=\"wp-block-table\"><table><tbody><tr><td>Registreerimine hiljemalt 17.09 kell 23:59<\/td><\/tr><tr><td>MN8\u2013MN18 5 \u20ac \/ p\u00e4ev<\/td><\/tr><tr><td>MN20; MN65\u2013MN85 10 \u20ac \/ p\u00e4ev<\/td><\/tr><tr><td>MN21\u2013MN60 15 \u20ac \/ p\u00e4ev<\/td><\/tr><tr><td>Avatud rada \u2013 10 \u20ac \/ p\u00e4ev<\/td><\/tr><\/tbody><\/table><\/figure>\n\n\n\n<p><strong>V\u00f5istluskeskus<\/strong><\/p>\n\n\n\n<p>Kolgak\u00fcla terviseradade l\u00e4heduses<\/p>\n\n\n\n<p>Link kaardile <a href=\"https:\/\/www.google.com\/search?q=59.529472%2C+25.721907&amp;oq=59.529472%2C+25.721907&amp;aqs=chrome..69i57j69i60.598j0j15&amp;sourceid=chrome&amp;ie=UTF-8\">Kolgak\u00fcla terviserajad<\/a><\/p>\n\n\n\n<p>Keskuse koordinaadid: 59.529472, 25.721907<\/p>\n\n\n\n<p><strong>\u00dchistranspordi kasutamise v\u00f5imalused<\/strong><\/p>\n\n\n\n<p>\u00dchistransport Tallinnast: bussid 151, 151A, 152, 152A, 153, 155, 156.<\/p>\n\n\n\n<p>T\u00e4histus \u00fchistranspordiga tulijatele Luha peatusest.<\/p>\n\n\n\n<p>Vaata s\u00f5idugraafikuid <a href=\"http:\/\/www.peatus.ee\" data-type=\"URL\" data-id=\"www.peatus.ee\">www.peatus.ee<\/a><\/p>\n\n\n\n<p><strong>V\u00f5istlusklassid ja radade ligikaudsed pikkused (km)<\/strong><\/p>\n\n\n\n<figure class=\"wp-block-image size-full\"><img loading=\"lazy\" decoding=\"async\" width=\"677\" height=\"739\" src=\"https:\/\/skmercury.ee\/suuntogames2021\/wp-content\/uploads\/2021\/09\/SG-radade-pikkused_20210913.jpg\" alt=\"\" class=\"wp-image-406\" srcset=\"https:\/\/skmercury.ee\/suuntogames2021\/wp-content\/uploads\/2021\/09\/SG-radade-pikkused_20210913.jpg 677w, https:\/\/skmercury.ee\/suuntogames2021\/wp-content\/uploads\/2021\/09\/SG-radade-pikkused_20210913-275x300.jpg 275w\" sizes=\"auto, (max-width: 677px) 85vw, 677px\" \/><\/figure>\n\n\n\n<p>Korraldajad j\u00e4tavad endale \u00f5iguse v\u00e4heste osalejate korral osalusklasse liita.<br>N\u00f6\u00f6ri- ja tugiradadel on vabalt valitav stardiaeg (L 13:00-15:00, P 11:00-13:00) ja stardis on korraldajad, kes vajadusel juhendavad noori orienteerujaid. N\u00f6\u00f6ri- ja tugirajale lapsevanemaid kaasa ei lubata.<br>Kontrollajad: 25.09 180 minutit, 26.09 150 minutit<\/p>\n\n\n\n<p><strong>Autasustamine<\/strong><\/p>\n\n\n\n<p>K\u00f5ikide klasside esikolmikule auhinnad kahe v\u00f5istlusp\u00e4eva kokkuv\u00f5ttes.<br>Autasustamine p\u00fchap\u00e4eval 26.09 orienteeruvalt kell 14.00. Auhindu ei v\u00e4ljastata enne autasustamise algust. Samuti ei toimu hilisemat auhindade k\u00e4ttetoimetamist, ole kohal!<br>K\u00f5igile n\u00f6\u00f6ri- ja tugiraja osalejatele autasustamisel v\u00e4ike meene.<\/p>\n\n\n\n<p><strong>Reeglid<\/strong><\/p>\n\n\n\n<p>V\u00f5istlused toimuvad vastavalt Eesti Orienteerumisliidu v\u00f5istlusreeglitele. Otselink reeglitele: <a href=\"https:\/\/app.orienteerumine.ee\/\/eol\/failid\/2021\/EOL_v%C3%B5istlusreeglid_2021.pdf\" data-type=\"URL\" data-id=\"https:\/\/app.orienteerumine.ee\/\/eol\/failid\/2021\/EOL_v%C3%B5istlusreeglid_2021.pdf\">https:\/\/app.orienteerumine.ee\/\/eol\/failid\/2021\/EOL_v%C3%B5istlusreeglid_2021.pdf<\/a><\/p>\n\n\n\n<p><\/p>\n\n\n\n<p><strong>Muu info<\/strong><\/p>\n\n\n\n<p>Vastavalt COVID-19 haigust p\u00f5hjustava koroonaviiruse SARS-CoV-2 leviku laialdase t\u00f5usu ja EV valitsuse* poolt kehtestatud meetmetele, oleme kehtestanud rangemad tingimused ka orienteerumise 2 p\u00e4eva v\u00f5istlusele \u2013 SUUNTO GAMES 2021<\/p>\n\n\n\n<p>Antud v\u00f5istlustel saavad osaleda \u00fcksnes vaktsineerimiskuuri l\u00e4binud, COVID-19 haiguse l\u00e4bi p\u00f5denud&nbsp;v\u00f5i negatiivse testitulemusega t\u00e4iskasvanud (aktsepteerime kuni 72h varem tehtud PCR-testitulemust v\u00f5i v\u00f5istluskeskuses korraldajate juuresolekul tehtava kiirtesti tulemust. NB! Kiirteste korraldaja ei paku, see peab v\u00f5istlejal endal kaasas olema).<br>Selleks on vajalik korraldajale esitada vastav t\u00f5end, mida saab teha kahel moel:<\/p>\n\n\n\n<ol class=\"wp-block-list\"><li>Elektroonselt saab saata t\u00f5endi hiljemalt 24.09.21 kell 20.00 e-postile skmercury123@gmail.com<\/li><li>V\u00f5istluskeskuses sekretariaadi \/ infotelgis saab esitada t\u00f5endi paberkujul v\u00f5i nutiseadmes.<\/li><\/ol>\n\n\n\n<p>Kui k\u00f5ik on korrektne, siis kehtiva t\u00f5endi vastu saab iga v\u00f5istleja rinnanumbri, mille alusel lubatakse v\u00f5istleja starti.<br><span class=\"has-inline-color has-vivid-red-color\"><strong>Ilma rinnanumbrita v\u00f5istlejaid starti ei lubata<\/strong><\/span>.<\/p>\n\n\n\n<p>18-aastastele ja noorematele antud osalemise piirangud ei laiene.<\/p>\n\n\n\n<p>Vaktsineeritud t\u00e4iskasvanute puhul peab olema saavutatud t\u00e4isvaktsineeritus. Iga\u00fcks saab oma vaktsineerimist\u00f5endi luua patsiendiportaalis www.digilugu.ee ning selle sealt siis ka alla laadida oma arvutisse v\u00f5i mobiiliseadmesse. Patsiendiportaalist saadav vaktsineerimist\u00f5end on tasuta.<br>Haigusn\u00e4htudega isikud v\u00f5istlustel osaleda ei tohi.<br>V\u00f5istluste korraldajatel on \u00f5igus haigusn\u00e4htudega isik v\u00f5istlustelt eemaldada.<br>Sisetingimustes on soovituslik kanda maski. Lisaks on soovituslik v\u00e4ltida k\u00e4tlemist, kallistamist jm otseseid kontakte.<br>V\u00f5istlusalal on v\u00f5imalik desinfitseerida k\u00e4si.<\/p>\n\n\n\n<p>*L\u00e4htudes Vabariigi Valitsuse 19. augusti 2020 korraldusest nr 282 \u201eCOVID-19 haiguse leviku<br>t\u00f5kestamiseks vajalikud meetmed ja piirangud\u201c ning selle korralduse muutmise 30.07.2021<br>korraldusest nr 270.<\/p>\n\n\n\n<p>Korraldaja j\u00e4tab endale \u00f5iguse teha muudatusi v\u00f5istluse korralduses vastavalt COVID-19 pandeemia olukorrale riigis ja Valitsuse ning Terviseameti kehtestatud reeglitele v\u00f5istluse toimumise ajal.<br><\/p>\n\n\n\n<p><strong>Pesemine<\/strong><\/p>\n\n\n\n<p>Soe v\u00e4lidu\u0161\u0161 v\u00f5istluskeskuses.<\/p>\n\n\n\n<p><strong>Lastehoid<\/strong><\/p>\n\n\n\n<p>V\u00f5istluskeskuses on korraldatud lastehoid.<\/p>\n\n\n\n<p><strong>Tualetid<\/strong><\/p>\n\n\n\n<p>Tualetid asuvad v\u00f5istluskeskuses.<\/p>\n\n\n\n<p><strong>Tulemused<\/strong><\/p>\n\n\n\n<p>Online tulemused 2 raadiopunktist ja finishist jooksvalt n\u00e4htavad v\u00f5istluskeskuses ekraanidelt ja nutiseadmes v\u00f5istluste kodulehel.<\/p>\n\n\n\n<p><strong>Toitlustamine<\/strong><\/p>\n\n\n\n<p>V\u00f5istluskeskuses on korraldatud toitlustus (v\u00e4likohvikus).<\/p>\n\n\n\n<p><strong>Parkimine<\/strong><\/p>\n\n\n\n<p>V\u00f5istluskeskuses tasuline parkimine 1 \u20ac \/p\u00e4ev\/s\u00f5iduk. <\/p>\n\n\n\n<p>V\u00f5istluskeskusesse viiva tee \u00e4\u00e4res on peatumine\/parkimine keelatud. Palun jagage s\u00f5idukit (klubi)kaaslastega \u2013 k\u00e4itume vastutustundlikult looduse ja keskkonna suhtes.<\/p>\n\n\n\n<p><strong>Majutus<\/strong><\/p>\n\n\n\n<p>Majutuskohtade info on leitav siit: <a rel=\"noreferrer noopener\" href=\"https:\/\/www.kuusalu.ee\/majutus\" target=\"_blank\">http<\/a><a href=\"https:\/\/www.kuusalu.ee\/majutus\" target=\"_blank\" rel=\"noreferrer noopener\">s:\/\/www.kuusalu.ee\/majutus<\/a> ja siit:&nbsp;<a href=\"https:\/\/www.puhkaeestis.ee\">https:\/\/www.puhkaeestis.ee<\/a><\/p>\n\n\n\n<p>V\u00e4rskeim info v\u00f5istluse kohta on v\u00f5istluste kodulehek\u00fcljel <a href=\"https:\/\/skmercury.ee\/suuntogames2021\">https:\/\/skmercury.ee\/suuntogames2021<\/a><\/p>\n\n\n\n<p><strong>Toetajad<\/strong>:<\/p>\n\n\n\n<figure class=\"wp-block-image size-full\"><img loading=\"lazy\" decoding=\"async\" width=\"942\" height=\"602\" src=\"https:\/\/skmercury.ee\/suuntogames2021\/wp-content\/uploads\/2021\/09\/SG-TOETAJAD-SEIN-20210924.jpg\" alt=\"\" class=\"wp-image-470\" srcset=\"https:\/\/skmercury.ee\/suuntogames2021\/wp-content\/uploads\/2021\/09\/SG-TOETAJAD-SEIN-20210924.jpg 942w, https:\/\/skmercury.ee\/suuntogames2021\/wp-content\/uploads\/2021\/09\/SG-TOETAJAD-SEIN-20210924-300x192.jpg 300w, https:\/\/skmercury.ee\/suuntogames2021\/wp-content\/uploads\/2021\/09\/SG-TOETAJAD-SEIN-20210924-768x491.jpg 768w\" sizes=\"auto, (max-width: 709px) 85vw, (max-width: 909px) 67vw, (max-width: 1362px) 62vw, 840px\" \/><\/figure>\n","protected":false},"excerpt":{"rendered":"<p>XXXIII Suunto Games 25.\u201326. september 2021 Kolgak\u00fcla , Harjumaa Laup\u00e4ev, 25. september l\u00fchendatud tavarada; startide algus 13.00 P\u00fchap\u00e4ev, 26. september l\u00fchendatud tavarada; startide algus 11.00 OSAV\u00d5TUKLASSID: *N8NR N10NR N10TR N12 N14 N16 N18 N20 N21A N21B N35 N40 N45 N50 N55 N60 N65 N70 N75 N80 N85 *M8NR M10NR M10TR M12 M14 M16 M18 M20 M21A M21B M35 M40 M45 M50 M55 M60 M65 M70 M75 M80 M85 *V\u00f5istlusklasside MN12, MN14, MN16, MN18 ja MN20 tulemused l\u00e4hevad EOLi 2021 noorte &hellip; <a href=\"https:\/\/skmercury.ee\/suuntogames2021\/voistlusjuhend\/\" class=\"more-link\">Continue reading<span class=\"screen-reader-text\"> &#8220;V\u00f5istlusjuhend&#8221;<\/span><\/a><\/p>\n","protected":false},"author":1,"featured_media":0,"parent":0,"menu_order":0,"comment_status":"closed","ping_status":"closed","template":"","meta":{"footnotes":""},"class_list":["post-146","page","type-page","status-publish","hentry"],"_links":{"self":[{"href":"https:\/\/skmercury.ee\/suuntogames2021\/wp-json\/wp\/v2\/pages\/146","targetHints":{"allow":["GET"]}}],"collection":[{"href":"https:\/\/skmercury.ee\/suuntogames2021\/wp-json\/wp\/v2\/pages"}],"about":[{"href":"https:\/\/skmercury.ee\/suuntogames2021\/wp-json\/wp\/v2\/types\/page"}],"author":[{"embeddable":true,"href":"https:\/\/skmercury.ee\/suuntogames2021\/wp-json\/wp\/v2\/users\/1"}],"replies":[{"embeddable":true,"href":"https:\/\/skmercury.ee\/suuntogames2021\/wp-json\/wp\/v2\/comments?post=146"}],"version-history":[{"count":76,"href":"https:\/\/skmercury.ee\/suuntogames2021\/wp-json\/wp\/v2\/pages\/146\/revisions"}],"predecessor-version":[{"id":471,"href":"https:\/\/skmercury.ee\/suuntogames2021\/wp-json\/wp\/v2\/pages\/146\/revisions\/471"}],"wp:attachment":[{"href":"https:\/\/skmercury.ee\/suuntogames2021\/wp-json\/wp\/v2\/media?parent=146"}],"curies":[{"name":"wp","href":"https:\/\/api.w.org\/{rel}","templated":true}]}}